{"id":140,"date":"2020-01-10T16:54:10","date_gmt":"2020-01-10T15:54:10","guid":{"rendered":"http:\/\/jm-tedesco.com\/?page_id=140"},"modified":"2022-09-02T14:34:03","modified_gmt":"2022-09-02T12:34:03","slug":"contacts","status":"publish","type":"page","link":"https:\/\/jm-tedesco.com\/index.php\/contacts\/","title":{"rendered":"Contacts\/Bio."},"content":{"rendered":"\n<figure class=\"wp-block-image\"><img loading=\"lazy\" width=\"946\" height=\"696\" src=\"http:\/\/jm-tedesco.com\/wp-content\/uploads\/2020\/01\/Portrait.jpg\" alt=\"\" class=\"wp-image-178\" srcset=\"https:\/\/jm-tedesco.com\/wp-content\/uploads\/2020\/01\/Portrait.jpg 946w, https:\/\/jm-tedesco.com\/wp-content\/uploads\/2020\/01\/Portrait-300x221.jpg 300w, https:\/\/jm-tedesco.com\/wp-content\/uploads\/2020\/01\/Portrait-768x565.jpg 768w, https:\/\/jm-tedesco.com\/wp-content\/uploads\/2020\/01\/Portrait-520x383.jpg 520w, https:\/\/jm-tedesco.com\/wp-content\/uploads\/2020\/01\/Portrait-940x692.jpg 940w\" sizes=\"(max-width: 706px) 89vw, (max-width: 767px) 82vw, 740px\" \/><\/figure>\n\n\n\n<p>Photographe de formation, \u00e9pris des le plus jeune \u00e2ge pour la bonne chair, j&rsquo;ai \u0153uvr\u00e9 pendant 30 ans en qualit\u00e9 de styliste culinaire dans la communication (\u00e9dition, packaging, catalogue, film&#8230;) pour l&rsquo;industrie agroalimentaire, ce qui a aiguis\u00e9 mon regard et mon rapport \u00e0 la lumi\u00e8re et \u00e0 la peinture. Elle reste une mati\u00e8re \u00e0 retravailler \u00e0 l&rsquo;infini, \u00e0 remettre en permanence sur les fourneaux !<\/p>\n\n\n\n<p>Peintre autodidacte, travaille la peinture comme mode d&rsquo;expression depuis plus de 30 ans au m\u00eame titre que la cuisine. Les appr\u00eats et m\u00e9diums utilis\u00e9s sont r\u00e9alis\u00e9s de mani\u00e8re traditionnelle (chaux grasse, colle, poudre de marbre&#8230;) et cuisin\u00e9s \u00e0 l&rsquo;atelier, les patines et jus sont concoct\u00e9s maison \u00e0 base de pigments naturels, le pastel est utilis\u00e9 en rehausse pour amener lumi\u00e8re et contraste. <\/p>\n\n\n\n<p>Plusieurs expos et pr\u00e9sences \u00e0 des festivals ont jalonn\u00e9s mon parcours; Barcelone, Paris, Toulouse, Jazz&rsquo;n Marciac&#8230;<\/p>\n\n\n\n<ul><li>Tedesco jean-marc Peintre plasticien <\/li><li>domicili\u00e9 \u00e0 Carbonne, proche de Toulouse<\/li><li> Tel: 06 14 40 41 29<\/li><li>jm.tedesco@orange.fr<\/li><\/ul>\n\n\n\n<div class=\"wp-block-image\"><figure class=\"aligncenter is-resized\"><img loading=\"lazy\" src=\"http:\/\/jm-tedesco.com\/wp-content\/uploads\/2020\/01\/logojmt.png\" alt=\"\" class=\"wp-image-186\" width=\"135\" height=\"135\" srcset=\"https:\/\/jm-tedesco.com\/wp-content\/uploads\/2020\/01\/logojmt.png 686w, https:\/\/jm-tedesco.com\/wp-content\/uploads\/2020\/01\/logojmt-150x150.png 150w, https:\/\/jm-tedesco.com\/wp-content\/uploads\/2020\/01\/logojmt-300x300.png 300w, https:\/\/jm-tedesco.com\/wp-content\/uploads\/2020\/01\/logojmt-200x200.png 200w, https:\/\/jm-tedesco.com\/wp-content\/uploads\/2020\/01\/logojmt-520x520.png 520w\" sizes=\"(max-width: 135px) 100vw, 135px\" \/><figcaption>jm.tedesco@orange.fr<\/figcaption><\/figure><\/div>\n","protected":false},"excerpt":{"rendered":"<p>Photographe de formation, \u00e9pris des le plus jeune \u00e2ge pour la bonne chair, j&rsquo;ai \u0153uvr\u00e9 pendant 30 ans en qualit\u00e9 de styliste culinaire dans la communication (\u00e9dition, packaging, catalogue, film&#8230;) pour l&rsquo;industrie agroalimentaire, ce qui a aiguis\u00e9 mon regard et mon rapport \u00e0 la lumi\u00e8re et \u00e0 la peinture. Elle reste une mati\u00e8re \u00e0 retravailler &hellip; <\/p>\n<p class=\"link-more\"><a href=\"https:\/\/jm-tedesco.com\/index.php\/contacts\/\" class=\"more-link\">Continuer la lecture<span class=\"screen-reader-text\"> de &laquo;&nbsp;Contacts\/Bio.&nbsp;&raquo;<\/span><\/a><\/p>\n","protected":false},"author":1,"featured_media":0,"parent":0,"menu_order":0,"comment_status":"closed","ping_status":"closed","template":"","meta":[],"_links":{"self":[{"href":"https:\/\/jm-tedesco.com\/index.php\/wp-json\/wp\/v2\/pages\/140"}],"collection":[{"href":"https:\/\/jm-tedesco.com\/index.php\/wp-json\/wp\/v2\/pages"}],"about":[{"href":"https:\/\/jm-tedesco.com\/index.php\/wp-json\/wp\/v2\/types\/page"}],"author":[{"embeddable":true,"href":"https:\/\/jm-tedesco.com\/index.php\/wp-json\/wp\/v2\/users\/1"}],"replies":[{"embeddable":true,"href":"https:\/\/jm-tedesco.com\/index.php\/wp-json\/wp\/v2\/comments?post=140"}],"version-history":[{"count":14,"href":"https:\/\/jm-tedesco.com\/index.php\/wp-json\/wp\/v2\/pages\/140\/revisions"}],"predecessor-version":[{"id":322,"href":"https:\/\/jm-tedesco.com\/index.php\/wp-json\/wp\/v2\/pages\/140\/revisions\/322"}],"wp:attachment":[{"href":"https:\/\/jm-tedesco.com\/index.php\/wp-json\/wp\/v2\/media?parent=140"}],"curies":[{"name":"wp","href":"https:\/\/api.w.org\/{rel}","templated":true}]}}