{"id":14,"date":"2020-01-08T15:35:51","date_gmt":"2020-01-08T14:35:51","guid":{"rendered":"http:\/\/jm-tedesco.com\/?page_id=14"},"modified":"2020-12-29T12:49:27","modified_gmt":"2020-12-29T11:49:27","slug":"home","status":"publish","type":"page","link":"https:\/\/jm-tedesco.com\/","title":{"rendered":"L&rsquo;art c&rsquo;est l&rsquo;homme ajout\u00e9 \u00e0 la nature.     F. Bacon"},"content":{"rendered":"\n<figure class=\"wp-block-gallery columns-3 is-cropped\"><ul class=\"blocks-gallery-grid\"><li class=\"blocks-gallery-item\"><figure><img loading=\"lazy\" width=\"693\" height=\"690\" src=\"http:\/\/jm-tedesco.com\/wp-content\/uploads\/2020\/01\/Birth.jpg\" alt=\"Toile polychrome, s\u00e9rie Astrale\" data-id=\"11\" data-link=\"http:\/\/jm-tedesco.com\/birth\/\" class=\"wp-image-11\" srcset=\"https:\/\/jm-tedesco.com\/wp-content\/uploads\/2020\/01\/Birth.jpg 693w, https:\/\/jm-tedesco.com\/wp-content\/uploads\/2020\/01\/Birth-150x150.jpg 150w, https:\/\/jm-tedesco.com\/wp-content\/uploads\/2020\/01\/Birth-300x300.jpg 300w, https:\/\/jm-tedesco.com\/wp-content\/uploads\/2020\/01\/Birth-200x200.jpg 200w, https:\/\/jm-tedesco.com\/wp-content\/uploads\/2020\/01\/Birth-520x518.jpg 520w\" sizes=\"(max-width: 693px) 100vw, 693px\" \/><figcaption class=\"blocks-gallery-item__caption\"><a href=\"http:\/\/jm-tedesco.com\/index.php\/page-d-exemple\/\">Astrale<\/a><\/figcaption><\/figure><\/li><li class=\"blocks-gallery-item\"><figure><img loading=\"lazy\" width=\"1024\" height=\"847\" src=\"http:\/\/jm-tedesco.com\/wp-content\/uploads\/2020\/01\/Paksan-1024x847.jpg\" alt=\"Toile mix pastel, s\u00e9rie M\u00e9kong\" data-id=\"45\" data-link=\"http:\/\/jm-tedesco.com\/paksan\/\" class=\"wp-image-45\" srcset=\"https:\/\/jm-tedesco.com\/wp-content\/uploads\/2020\/01\/Paksan-1024x847.jpg 1024w, https:\/\/jm-tedesco.com\/wp-content\/uploads\/2020\/01\/Paksan-300x248.jpg 300w, https:\/\/jm-tedesco.com\/wp-content\/uploads\/2020\/01\/Paksan-768x635.jpg 768w, https:\/\/jm-tedesco.com\/wp-content\/uploads\/2020\/01\/Paksan-520x430.jpg 520w, https:\/\/jm-tedesco.com\/wp-content\/uploads\/2020\/01\/Paksan-940x778.jpg 940w, https:\/\/jm-tedesco.com\/wp-content\/uploads\/2020\/01\/Paksan.jpg 1373w\" sizes=\"(max-width: 706px) 89vw, (max-width: 767px) 82vw, 740px\" \/><figcaption class=\"blocks-gallery-item__caption\"><a href=\"http:\/\/jm-tedesco.com\/index.php\/mekong-un-voyage-sur-les-bords-dun-fleuve-mythique\/\">M\u00e9kong<\/a><\/figcaption><\/figure><\/li><li class=\"blocks-gallery-item\"><figure><img loading=\"lazy\" width=\"863\" height=\"856\" src=\"http:\/\/jm-tedesco.com\/wp-content\/uploads\/2020\/01\/Diademe.jpg\" alt=\"Toile polychrome, s\u00e9rie Brume\" data-id=\"34\" data-link=\"http:\/\/jm-tedesco.com\/diademe\/\" class=\"wp-image-34\" srcset=\"https:\/\/jm-tedesco.com\/wp-content\/uploads\/2020\/01\/Diademe.jpg 863w, https:\/\/jm-tedesco.com\/wp-content\/uploads\/2020\/01\/Diademe-150x150.jpg 150w, https:\/\/jm-tedesco.com\/wp-content\/uploads\/2020\/01\/Diademe-300x298.jpg 300w, https:\/\/jm-tedesco.com\/wp-content\/uploads\/2020\/01\/Diademe-768x762.jpg 768w, https:\/\/jm-tedesco.com\/wp-content\/uploads\/2020\/01\/Diademe-520x516.jpg 520w\" sizes=\"(max-width: 706px) 89vw, (max-width: 767px) 82vw, 740px\" \/><figcaption class=\"blocks-gallery-item__caption\"><a href=\"http:\/\/jm-tedesco.com\/index.php\/brume-une-serie-tout-en-douceur\/\">Brume<\/a><\/figcaption><\/figure><\/li><li class=\"blocks-gallery-item\"><figure><img loading=\"lazy\" width=\"873\" height=\"872\" src=\"http:\/\/jm-tedesco.com\/wp-content\/uploads\/2020\/01\/pieds-dans-leau.jpg\" alt=\"Toile polychrome, s\u00e9rie Danse des arbres\" data-id=\"38\" data-link=\"http:\/\/jm-tedesco.com\/pieds-dans-leau\/\" class=\"wp-image-38\" srcset=\"https:\/\/jm-tedesco.com\/wp-content\/uploads\/2020\/01\/pieds-dans-leau.jpg 873w, https:\/\/jm-tedesco.com\/wp-content\/uploads\/2020\/01\/pieds-dans-leau-150x150.jpg 150w, https:\/\/jm-tedesco.com\/wp-content\/uploads\/2020\/01\/pieds-dans-leau-300x300.jpg 300w, https:\/\/jm-tedesco.com\/wp-content\/uploads\/2020\/01\/pieds-dans-leau-768x767.jpg 768w, https:\/\/jm-tedesco.com\/wp-content\/uploads\/2020\/01\/pieds-dans-leau-200x200.jpg 200w, https:\/\/jm-tedesco.com\/wp-content\/uploads\/2020\/01\/pieds-dans-leau-520x519.jpg 520w\" sizes=\"(max-width: 706px) 89vw, (max-width: 767px) 82vw, 740px\" \/><figcaption class=\"blocks-gallery-item__caption\"><a href=\"http:\/\/jm-tedesco.com\/index.php\/danse-des-arbres-une-serie-qui-traverse-la-decennie\/\">Pieds dans l&rsquo;eau<\/a><\/figcaption><\/figure><\/li><\/ul><\/figure>\n\n\n\n<blockquote class=\"wp-block-quote\"><p>Peindre n&rsquo;est pas d\u00e9peindre comme \u00e9crire n&rsquo;est pas d\u00e9crire. <\/p><p><strong>Georges BRAQUE<\/strong><\/p><\/blockquote>\n\n\n\n<p><\/p>\n\n\n\n<p>Peindre est le plus vieux moyen d&rsquo;expression, avant le verbe \u00e9tait la main de l&rsquo;homme, le geste sur la mati\u00e8re, les couleurs de la vie. C&rsquo;est ce qui anime mon travail, de l&rsquo;infiniment grand \u00e0 l&rsquo;infiniment petit, la couleur, les textures, la lumi\u00e8re, tout concorde \u00e0 \u00e9laborer sans cesse de nouveaux rendus pour explorer les palettes de la peinture sans \u00e0 priori. De l&rsquo;utilisation du<a href=\"http:\/\/jm-tedesco.com\/index.php\/mekong-un-voyage-sur-les-bords-dun-fleuve-mythique\/\"> pastel<\/a>, en passant par les <a href=\"http:\/\/jm-tedesco.com\/index.php\/page-d-exemple\/\">patines<\/a> et les <a href=\"http:\/\/jm-tedesco.com\/index.php\/brume-une-serie-tout-en-douceur\/\">textures<\/a>, les jeux de <a href=\"http:\/\/jm-tedesco.com\/index.php\/danse-des-arbres-une-serie-qui-traverse-la-decennie\/\">couleurs<\/a>, j&rsquo;aspire \u00e0 la simple vibration des chevauchements de la vie et du geste.<\/p>\n\n\n\n<p>Photographe de formation, \u00e9pris des le plus jeune \u00e2ge pour la bonne chair, j&rsquo;ai \u0153uvr\u00e9 pendant 30 ans en qualit\u00e9 de styliste culinaire dans la communication (\u00e9dition, packaging, catalogue, film&#8230;) pour l&rsquo;industrie agroalimentaire, ce qui a aiguis\u00e9 mon regard et mon rapport \u00e0 la peinture. Elle reste une mati\u00e8re \u00e0 retravailler \u00e0 l&rsquo;infini, \u00e0 remettre sur les fourneaux !<\/p>\n\n\n\n<div class=\"wp-block-image\"><figure class=\"aligncenter is-resized\"><img loading=\"lazy\" src=\"http:\/\/jm-tedesco.com\/wp-content\/uploads\/2020\/01\/logojmt.png\" alt=\"\" class=\"wp-image-186\" width=\"133\" height=\"133\" srcset=\"https:\/\/jm-tedesco.com\/wp-content\/uploads\/2020\/01\/logojmt.png 686w, https:\/\/jm-tedesco.com\/wp-content\/uploads\/2020\/01\/logojmt-150x150.png 150w, https:\/\/jm-tedesco.com\/wp-content\/uploads\/2020\/01\/logojmt-300x300.png 300w, https:\/\/jm-tedesco.com\/wp-content\/uploads\/2020\/01\/logojmt-200x200.png 200w, https:\/\/jm-tedesco.com\/wp-content\/uploads\/2020\/01\/logojmt-520x520.png 520w\" sizes=\"(max-width: 133px) 100vw, 133px\" \/><figcaption>jm.tedesco@orange.fr<\/figcaption><\/figure><\/div>\n","protected":false},"excerpt":{"rendered":"<p>Peindre n&rsquo;est pas d\u00e9peindre comme \u00e9crire n&rsquo;est pas d\u00e9crire. Georges BRAQUE Peindre est le plus vieux moyen d&rsquo;expression, avant le verbe \u00e9tait la main de l&rsquo;homme, le geste sur la mati\u00e8re, les couleurs de la vie. C&rsquo;est ce qui anime mon travail, de l&rsquo;infiniment grand \u00e0 l&rsquo;infiniment petit, la couleur, les textures, la lumi\u00e8re, tout &hellip; <\/p>\n<p class=\"link-more\"><a href=\"https:\/\/jm-tedesco.com\/\" class=\"more-link\">Continuer la lecture<span class=\"screen-reader-text\"> de &laquo;&nbsp;L&rsquo;art c&rsquo;est l&rsquo;homme ajout\u00e9 \u00e0 la nature.     F. Bacon&nbsp;&raquo;<\/span><\/a><\/p>\n","protected":false},"author":1,"featured_media":0,"parent":0,"menu_order":0,"comment_status":"closed","ping_status":"closed","template":"","meta":[],"_links":{"self":[{"href":"https:\/\/jm-tedesco.com\/index.php\/wp-json\/wp\/v2\/pages\/14"}],"collection":[{"href":"https:\/\/jm-tedesco.com\/index.php\/wp-json\/wp\/v2\/pages"}],"about":[{"href":"https:\/\/jm-tedesco.com\/index.php\/wp-json\/wp\/v2\/types\/page"}],"author":[{"embeddable":true,"href":"https:\/\/jm-tedesco.com\/index.php\/wp-json\/wp\/v2\/users\/1"}],"replies":[{"embeddable":true,"href":"https:\/\/jm-tedesco.com\/index.php\/wp-json\/wp\/v2\/comments?post=14"}],"version-history":[{"count":35,"href":"https:\/\/jm-tedesco.com\/index.php\/wp-json\/wp\/v2\/pages\/14\/revisions"}],"predecessor-version":[{"id":273,"href":"https:\/\/jm-tedesco.com\/index.php\/wp-json\/wp\/v2\/pages\/14\/revisions\/273"}],"wp:attachment":[{"href":"https:\/\/jm-tedesco.com\/index.php\/wp-json\/wp\/v2\/media?parent=14"}],"curies":[{"name":"wp","href":"https:\/\/api.w.org\/{rel}","templated":true}]}}